 {"id":6841,"date":"2021-10-28T13:32:31","date_gmt":"2021-10-28T13:32:31","guid":{"rendered":"https:\/\/www.california-gym.com\/tn\/?page_id=6841"},"modified":"2024-03-26T14:17:26","modified_gmt":"2024-03-26T14:17:26","slug":"espace-carezone","status":"publish","type":"page","link":"https:\/\/www.california-gym.com\/tn\/espace-carezone\/","title":{"rendered":"CareZone"},"content":{"rendered":"<p>[vc_row enable_grid_lines=\u00a0\u00bb\u00a0\u00bb][vc_column][vc_column_text][\/vc_column_text][\/vc_column][\/vc_row][vc_row row_content_width=\u00a0\u00bbgrid\u00a0\u00bb enable_grid_lines=\u00a0\u00bb\u00a0\u00bb css=\u00a0\u00bb.vc_custom_1635432254540{padding-top: 40px !important;padding-bottom: 40px !important;}\u00a0\u00bb simple_background_color=\u00a0\u00bb#f8f8f8&Prime; el_class=\u00a0\u00bbcareZoneTabs\u00a0\u00bb][vc_column][vc_column_text]<span style=\"color: #000000;\">La r\u00e9habilitation physique, la r\u00e9\u00e9ducation et la remise en forme seront au rendez-vous \u00e0 CareZone. Nos kin\u00e9sith\u00e9rapeutes vous accompagneront avant et apr\u00e8s vos s\u00e9ances d\u2019entrainement afin de pr\u00e9venir les blessures et vous assurez une r\u00e9cup\u00e9ration rapide.<\/span><\/p>\n<p><span style=\"color: #000000;\">Aussi, en Utilisant les nouvelles techniques d&rsquo;amincissement et de traitement de la cellulite associ\u00e9es \u00e0 un accompagnement nutritionnel, CareZone vous propose des programmes sp\u00e9cialement con\u00e7us pour la perte de poids, pour raffermir et tonifier les muscles, mais aussi pour une r\u00e9habilitation physique.<\/span><br \/>\n<span style=\"color: #000000;\">Pour couronner le tout, notre partenaire Payot, ic\u00f4ne des soins bas\u00e9s sur des formules innovantes issues des derni\u00e8res avanc\u00e9es scientifiques vous offre une exp\u00e9rience authentique et g\u00e9n\u00e9reuse.<\/span>[\/vc_column_text][\/vc_column][\/vc_row][vc_row row_content_width=\u00a0\u00bbgrid\u00a0\u00bb enable_grid_lines=\u00a0\u00bb\u00a0\u00bb css=\u00a0\u00bb.vc_custom_1635432254540{padding-top: 40px !important;padding-bottom: 40px !important;}\u00a0\u00bb simple_background_color=\u00a0\u00bb#f8f8f8&Prime; el_class=\u00a0\u00bbcareZoneTabs\u00a0\u00bb][vc_column]<div class=\"evc-tabs  evc-t-centered evc-t-slide-from-right evc-t-skin-light\">\n\t<ul class=\"evc-tabs-nav\">\n\t\t\t\t\t<li>\n\t\t\t\t\t\t\t\t\t<a href=\"#tab-kinesitherapie\">KIN\u00c9SITH\u00c9RAPIE<\/a>\n\t\t\t\t\t\t\t<\/li>\n\t\t\t\t\t<li>\n\t\t\t\t\t\t\t\t\t<a href=\"#tab-nutrition\">NUTRITION<\/a>\n\t\t\t\t\t\t\t<\/li>\n\t\t\t\t\t<li>\n\t\t\t\t\t\t\t\t\t<a href=\"#tab-soins-bien-etre-par-payot\">SOINS &amp; BIEN-\u00caTRE PAR PAYOT<\/a>\n\t\t\t\t\t\t\t<\/li>\n\t\t\t<\/ul>\n\t<div class=\"evc-tabs-item BLUEPASS\" id=\"tab-kinesitherapie-169\">\n\t[vc_row_inner content_placement=\u00a0\u00bbmiddle\u00a0\u00bb enable_grid_lines=\u00a0\u00bb\u00a0\u00bb css=\u00a0\u00bb.vc_custom_1635435463758{border-top-width: 3px !important;border-bottom-width: 3px !important;padding-top: 20px !important;padding-bottom: 20px !important;}\u00a0\u00bb][vc_column_inner width=\u00a0\u00bb5\/12&Prime; css=\u00a0\u00bb.vc_custom_1568890881152{padding-top: 0px !important;}\u00a0\u00bb][vc_single_image image=\u00a0\u00bb6914&Prime; img_size=\u00a0\u00bbfull\u00a0\u00bb el_class=\u00a0\u00bbd-flex align-items-center\u00a0\u00bb][\/vc_column_inner][vc_column_inner width=\u00a0\u00bb7\/12&Prime; css=\u00a0\u00bb.vc_custom_1635434431300{padding-top: 25px !important;}\u00a0\u00bb][vc_column_text]<\/p>\n<p style=\"text-align: left;\"><span style=\"color: #000000;\">Vous souhaitez mieux r\u00e9cup\u00e9rer apr\u00e8s vos s\u00e9ances d&rsquo;entrainement et \u00e9viter les courbatures de longues dur\u00e9es ! Vous \u00eates pr\u00e9venant et vous souhaitez prendre soin de votre corps en pr\u00e9-entrainement\u00a0! Besoin de r\u00e9\u00e9duquer et soigner une blessure apr\u00e8s une s\u00e9ance d\u2019entrainement\u00a0! Nos kin\u00e9sith\u00e9rapeutes ciblent des zones corporelles o\u00f9 il y a de la douleur pour vous permettre de retrouver votre mobilit\u00e9 et vous aide \u00e0 pr\u00e9venir les blessures en utilisant les mouvements, le massage et les \u00e9tirements.<\/span><\/p>\n<p style=\"text-align: left;\"><span style=\"color: #000000;\">Nos kin\u00e9sith\u00e9rapeutes vous accompagneront \u00e9galement \u00e0 mieux r\u00e9cup\u00e9rer apr\u00e8s vos s\u00e9ances d\u2019entrainement en utilisant des nouvelles technologies tel que INDIBA. Cette m\u00e9thode est utilis\u00e9e comme outil de r\u00e9cup\u00e9ration musculaire mais aussi elle a un effet important sur la diminution des douleurs musculaires post-effort. C&rsquo;est une technique tr\u00e8s int\u00e9ressante comme alternative au simple massage et lev\u00e9e de tension manuelle.\u00a0\u00bb<\/span><\/p>\n<p>[\/vc_column_text][\/vc_column_inner][\/vc_row_inner]<\/div>\n<div class=\"evc-tabs-item a3\" id=\"tab-nutrition-777\">\n\t[vc_row_inner content_placement=\u00a0\u00bbmiddle\u00a0\u00bb enable_grid_lines=\u00a0\u00bb\u00a0\u00bb css=\u00a0\u00bb.vc_custom_1635435455583{border-top-width: 3px !important;border-bottom-width: 3px !important;padding-top: 20px !important;padding-bottom: 20px !important;}\u00a0\u00bb][vc_column_inner width=\u00a0\u00bb5\/12&Prime; css=\u00a0\u00bb.vc_custom_1568890881152{padding-top: 0px !important;}\u00a0\u00bb][vc_single_image image=\u00a0\u00bb6916&Prime; img_size=\u00a0\u00bbfull\u00a0\u00bb][\/vc_column_inner][vc_column_inner width=\u00a0\u00bb7\/12&Prime; css=\u00a0\u00bb.vc_custom_1635434421869{padding-top: 25px !important;}\u00a0\u00bb][vc_column_text]<\/p>\n<p style=\"text-align: left;\"><span style=\"color: #000000;\">Vous avez un objectif et vous avez du mal pour l\u2019atteindre\u00a0! Vous souhaitez perdre du poids ou tout simplement prendre soin de votre sant\u00e9 corporelle\u00a0! Les nutritionnistes de CareZone sont l\u00e0 pour r\u00e9pondre \u00e0 tous vos besoins.<\/span><br \/>\n<span style=\"color: #000000;\">Avoir une vari\u00e9t\u00e9 d\u2019aliments, manger des repas \u00e9quilibr\u00e9s associ\u00e9s \u00e0 la pratique d\u2019exercices est recommand\u00e9 pour une bonne hygi\u00e8ne de vie.<\/span><br \/>\n<span style=\"color: #000000;\">Notre \u00e9quipe d\u2019experts en nutrition vous accompagnera du diagnostic jusqu\u2019\u00e0 l\u2019adoption d\u2019un plan nutritionnel ad\u00e9quat.<\/span><\/p>\n<p>[\/vc_column_text][\/vc_column_inner][\/vc_row_inner]<\/div>\n<div class=\"evc-tabs-item a4\" id=\"tab-soins-bien-etre-par-payot-1141\">\n\t[vc_row_inner content_placement=\u00a0\u00bbmiddle\u00a0\u00bb enable_grid_lines=\u00a0\u00bb\u00a0\u00bb css=\u00a0\u00bb.vc_custom_1635435450622{border-top-width: 3px !important;border-bottom-width: 3px !important;padding-top: 20px !important;padding-bottom: 20px !important;}\u00a0\u00bb][vc_column_inner width=\u00a0\u00bb5\/12&Prime; css=\u00a0\u00bb.vc_custom_1568890881152{padding-top: 0px !important;}\u00a0\u00bb][vc_single_image image=\u00a0\u00bb6917&Prime; img_size=\u00a0\u00bbfull\u00a0\u00bb][\/vc_column_inner][vc_column_inner width=\u00a0\u00bb7\/12&Prime;][vc_column_text]<\/p>\n<p style=\"text-align: left;\"><span style=\"color: #000000;\">Nous avons choisi pour vous l\u2019expertise de soin Payot qui puise son savoir-faire dans l\u2019h\u00e9ritage du Dr Nadia Payot. Une m\u00e9thode de beaut\u00e9 r\u00e9sultant de l\u2019alchimie unique de mouvements de modelages, d\u2019actifs efficaces et de textures sensorielles. Un v\u00e9ritable savoir-faire pour des r\u00e9sultats in\u00e9gal\u00e9s et un plaisir Absolu.<\/span><\/p>\n<p>[\/vc_column_text][\/vc_column_inner][\/vc_row_inner]<\/div>\n<\/div>\n[\/vc_column][\/vc_row][vc_row enable_grid_lines=\u00a0\u00bb\u00a0\u00bb][vc_column][vc_column_text][\/vc_column_text][\/vc_column][\/vc_row]<\/p>\n","protected":false},"excerpt":{"rendered":"<p>[vc_row enable_grid_lines=\u00a0\u00bb\u00a0\u00bb][vc_column][vc_column_text][\/vc_column_text][\/vc_column][\/vc_row][vc_row row_content_width=\u00a0\u00bbgrid\u00a0\u00bb enable_grid_lines=\u00a0\u00bb\u00a0\u00bb css=\u00a0\u00bb.vc_custom_1635432254540{padding-top: 40px !important;padding-bottom: 40px !important;}\u00a0\u00bb simple_background_color=\u00a0\u00bb#f8f8f8&Prime; el_class=\u00a0\u00bbcareZoneTabs\u00a0\u00bb][vc_column][vc_column_text]La r\u00e9habilitation physique, la r\u00e9\u00e9ducation et la remise en forme seront au rendez-vous \u00e0 CareZone. Nos kin\u00e9sith\u00e9rapeutes vous accompagneront avant et apr\u00e8s vos s\u00e9ances d\u2019entrainement afin de pr\u00e9venir les blessures et vous assurez une r\u00e9cup\u00e9ration rapide. Aussi, en Utilisant les nouvelles techniques d&rsquo;amincissement et de traitement de la cellulite associ\u00e9es \u00e0 un accompagnement nutritionnel, CareZone vous propose des programmes sp\u00e9cialement con\u00e7us pour la perte de poids, pour raffermir et tonifier les muscles, mais aussi pour une r\u00e9habilitation physique. Pour couronner [&hellip;]<\/p>\n","protected":false},"author":2,"featured_media":0,"parent":0,"menu_order":0,"comment_status":"closed","ping_status":"closed","template":"full-width.php","meta":{"footnotes":""},"class_list":["post-6841","page","type-page","status-publish","hentry"],"yoast_head":"<!-- This site is optimized with the Yoast SEO plugin v24.3 - https:\/\/yoast.com\/wordpress\/plugins\/seo\/ -->\n<title>CareZone - California-gym<\/title>\n<meta name=\"robots\" content=\"index, follow, max-snippet:-1, max-image-preview:large, max-video-preview:-1\" \/>\n<link rel=\"canonical\" href=\"https:\/\/www.california-gym.com\/tn\/espace-carezone\/\" \/>\n<meta property=\"og:locale\" content=\"fr_FR\" \/>\n<meta property=\"og:type\" content=\"article\" \/>\n<meta property=\"og:title\" content=\"CareZone - California-gym\" \/>\n<meta property=\"og:description\" content=\"[vc_row enable_grid_lines=\u00a0\u00bb\u00a0\u00bb][vc_column][vc_column_text][\/vc_column_text][\/vc_column][\/vc_row][vc_row row_content_width=\u00a0\u00bbgrid\u00a0\u00bb enable_grid_lines=\u00a0\u00bb\u00a0\u00bb css=\u00a0\u00bb.vc_custom_1635432254540{padding-top: 40px !important;padding-bottom: 40px !important;}\u00a0\u00bb simple_background_color=\u00a0\u00bb#f8f8f8&Prime; el_class=\u00a0\u00bbcareZoneTabs\u00a0\u00bb][vc_column][vc_column_text]La r\u00e9habilitation physique, la r\u00e9\u00e9ducation et la remise en forme seront au rendez-vous \u00e0 CareZone. Nos kin\u00e9sith\u00e9rapeutes vous accompagneront avant et apr\u00e8s vos s\u00e9ances d\u2019entrainement afin de pr\u00e9venir les blessures et vous assurez une r\u00e9cup\u00e9ration rapide. Aussi, en Utilisant les nouvelles techniques d&rsquo;amincissement et de traitement de la cellulite associ\u00e9es \u00e0 un accompagnement nutritionnel, CareZone vous propose des programmes sp\u00e9cialement con\u00e7us pour la perte de poids, pour raffermir et tonifier les muscles, mais aussi pour une r\u00e9habilitation physique. Pour couronner [&hellip;]\" \/>\n<meta property=\"og:url\" content=\"https:\/\/www.california-gym.com\/tn\/espace-carezone\/\" \/>\n<meta property=\"og:site_name\" content=\"California-gym\" \/>\n<meta property=\"article:modified_time\" content=\"2024-03-26T14:17:26+00:00\" \/>\n<meta name=\"twitter:card\" content=\"summary_large_image\" \/>\n<meta name=\"twitter:label1\" content=\"Dur\u00e9e de lecture estim\u00e9e\" \/>\n\t<meta name=\"twitter:data1\" content=\"4 minutes\" \/>\n<script type=\"application\/ld+json\" class=\"yoast-schema-graph\">{\"@context\":\"https:\/\/schema.org\",\"@graph\":[{\"@type\":\"WebPage\",\"@id\":\"https:\/\/www.california-gym.com\/tn\/espace-carezone\/\",\"url\":\"https:\/\/www.california-gym.com\/tn\/espace-carezone\/\",\"name\":\"CareZone - California-gym\",\"isPartOf\":{\"@id\":\"https:\/\/www.california-gym.com\/tn\/#website\"},\"datePublished\":\"2021-10-28T13:32:31+00:00\",\"dateModified\":\"2024-03-26T14:17:26+00:00\",\"breadcrumb\":{\"@id\":\"https:\/\/www.california-gym.com\/tn\/espace-carezone\/#breadcrumb\"},\"inLanguage\":\"fr-FR\",\"potentialAction\":[{\"@type\":\"ReadAction\",\"target\":[\"https:\/\/www.california-gym.com\/tn\/espace-carezone\/\"]}]},{\"@type\":\"BreadcrumbList\",\"@id\":\"https:\/\/www.california-gym.com\/tn\/espace-carezone\/#breadcrumb\",\"itemListElement\":[{\"@type\":\"ListItem\",\"position\":1,\"name\":\"Accueil\",\"item\":\"https:\/\/www.california-gym.com\/tn\/\"},{\"@type\":\"ListItem\",\"position\":2,\"name\":\"CareZone\"}]},{\"@type\":\"WebSite\",\"@id\":\"https:\/\/www.california-gym.com\/tn\/#website\",\"url\":\"https:\/\/www.california-gym.com\/tn\/\",\"name\":\"California-gym\",\"description\":\"\",\"potentialAction\":[{\"@type\":\"SearchAction\",\"target\":{\"@type\":\"EntryPoint\",\"urlTemplate\":\"https:\/\/www.california-gym.com\/tn\/?s={search_term_string}\"},\"query-input\":{\"@type\":\"PropertyValueSpecification\",\"valueRequired\":true,\"valueName\":\"search_term_string\"}}],\"inLanguage\":\"fr-FR\"}]}<\/script>\n<!-- \/ Yoast SEO plugin. -->","yoast_head_json":{"title":"CareZone - California-gym","robots":{"index":"index","follow":"follow","max-snippet":"max-snippet:-1","max-image-preview":"max-image-preview:large","max-video-preview":"max-video-preview:-1"},"canonical":"https:\/\/www.california-gym.com\/tn\/espace-carezone\/","og_locale":"fr_FR","og_type":"article","og_title":"CareZone - California-gym","og_description":"[vc_row enable_grid_lines=\u00a0\u00bb\u00a0\u00bb][vc_column][vc_column_text][\/vc_column_text][\/vc_column][\/vc_row][vc_row row_content_width=\u00a0\u00bbgrid\u00a0\u00bb enable_grid_lines=\u00a0\u00bb\u00a0\u00bb css=\u00a0\u00bb.vc_custom_1635432254540{padding-top: 40px !important;padding-bottom: 40px !important;}\u00a0\u00bb simple_background_color=\u00a0\u00bb#f8f8f8&Prime; el_class=\u00a0\u00bbcareZoneTabs\u00a0\u00bb][vc_column][vc_column_text]La r\u00e9habilitation physique, la r\u00e9\u00e9ducation et la remise en forme seront au rendez-vous \u00e0 CareZone. Nos kin\u00e9sith\u00e9rapeutes vous accompagneront avant et apr\u00e8s vos s\u00e9ances d\u2019entrainement afin de pr\u00e9venir les blessures et vous assurez une r\u00e9cup\u00e9ration rapide. Aussi, en Utilisant les nouvelles techniques d&rsquo;amincissement et de traitement de la cellulite associ\u00e9es \u00e0 un accompagnement nutritionnel, CareZone vous propose des programmes sp\u00e9cialement con\u00e7us pour la perte de poids, pour raffermir et tonifier les muscles, mais aussi pour une r\u00e9habilitation physique. Pour couronner [&hellip;]","og_url":"https:\/\/www.california-gym.com\/tn\/espace-carezone\/","og_site_name":"California-gym","article_modified_time":"2024-03-26T14:17:26+00:00","twitter_card":"summary_large_image","twitter_misc":{"Dur\u00e9e de lecture estim\u00e9e":"4 minutes"},"schema":{"@context":"https:\/\/schema.org","@graph":[{"@type":"WebPage","@id":"https:\/\/www.california-gym.com\/tn\/espace-carezone\/","url":"https:\/\/www.california-gym.com\/tn\/espace-carezone\/","name":"CareZone - California-gym","isPartOf":{"@id":"https:\/\/www.california-gym.com\/tn\/#website"},"datePublished":"2021-10-28T13:32:31+00:00","dateModified":"2024-03-26T14:17:26+00:00","breadcrumb":{"@id":"https:\/\/www.california-gym.com\/tn\/espace-carezone\/#breadcrumb"},"inLanguage":"fr-FR","potentialAction":[{"@type":"ReadAction","target":["https:\/\/www.california-gym.com\/tn\/espace-carezone\/"]}]},{"@type":"BreadcrumbList","@id":"https:\/\/www.california-gym.com\/tn\/espace-carezone\/#breadcrumb","itemListElement":[{"@type":"ListItem","position":1,"name":"Accueil","item":"https:\/\/www.california-gym.com\/tn\/"},{"@type":"ListItem","position":2,"name":"CareZone"}]},{"@type":"WebSite","@id":"https:\/\/www.california-gym.com\/tn\/#website","url":"https:\/\/www.california-gym.com\/tn\/","name":"California-gym","description":"","potentialAction":[{"@type":"SearchAction","target":{"@type":"EntryPoint","urlTemplate":"https:\/\/www.california-gym.com\/tn\/?s={search_term_string}"},"query-input":{"@type":"PropertyValueSpecification","valueRequired":true,"valueName":"search_term_string"}}],"inLanguage":"fr-FR"}]}},"_links":{"self":[{"href":"https:\/\/www.california-gym.com\/tn\/wp-json\/wp\/v2\/pages\/6841","targetHints":{"allow":["GET"]}}],"collection":[{"href":"https:\/\/www.california-gym.com\/tn\/wp-json\/wp\/v2\/pages"}],"about":[{"href":"https:\/\/www.california-gym.com\/tn\/wp-json\/wp\/v2\/types\/page"}],"author":[{"embeddable":true,"href":"https:\/\/www.california-gym.com\/tn\/wp-json\/wp\/v2\/users\/2"}],"replies":[{"embeddable":true,"href":"https:\/\/www.california-gym.com\/tn\/wp-json\/wp\/v2\/comments?post=6841"}],"version-history":[{"count":19,"href":"https:\/\/www.california-gym.com\/tn\/wp-json\/wp\/v2\/pages\/6841\/revisions"}],"predecessor-version":[{"id":7841,"href":"https:\/\/www.california-gym.com\/tn\/wp-json\/wp\/v2\/pages\/6841\/revisions\/7841"}],"wp:attachment":[{"href":"https:\/\/www.california-gym.com\/tn\/wp-json\/wp\/v2\/media?parent=6841"}],"curies":[{"name":"wp","href":"https:\/\/api.w.org\/{rel}","templated":true}]}}